{"id":26,"date":"2013-03-23T13:06:18","date_gmt":"2013-03-23T13:06:18","guid":{"rendered":"http:\/\/themenectar.com\/demo\/salient\/?page_id=26"},"modified":"2021-07-24T19:45:04","modified_gmt":"2021-07-24T17:45:04","slug":"kontakt","status":"publish","type":"page","link":"https:\/\/more-losinj.hr\/de\/kontakt\/","title":{"rendered":"Kontakt"},"content":{"rendered":"<div id=\"fws_69e38cd18a339\"  data-column-margin=\"default\" data-midnight=\"dark\"  class=\"wpb_row vc_row-fluid vc_row standard_section\"  style=\"padding-top: 0px; padding-bottom: 0px; \"><div class=\"row-bg-wrap\" data-bg-animation=\"none\" data-bg-overlay=\"false\"><div class=\"inner-wrap\"><div class=\"row-bg\"  style=\"\"><\/div><\/div><div class=\"row-bg-overlay\" ><\/div><\/div><div class=\"row_col_wrap_12 col span_12 dark left\">\n\t<div  class=\"vc_col-sm-8 wpb_column column_container vc_column_container col no-extra-padding inherit_tablet inherit_phone\"  data-t-w-inherits=\"default\" data-bg-cover=\"\" data-padding-pos=\"all\" data-has-bg-color=\"false\" data-bg-color=\"\" data-bg-opacity=\"1\" data-hover-bg=\"\" data-hover-bg-opacity=\"1\" data-animation=\"\" data-delay=\"0\" >\n\t\t<div class=\"vc_column-inner\" ><div class=\"column-bg-overlay-wrap\" data-bg-animation=\"none\"><div class=\"column-bg-overlay\"><\/div><\/div>\n\t\t\t<div class=\"wpb_wrapper\">\n\t\t\t\t<div role=\"form\" class=\"wpcf7\" id=\"wpcf7-f1145-o1\" lang=\"hr\" dir=\"ltr\">\n<div class=\"screen-reader-response\"><p role=\"status\" aria-live=\"polite\" aria-atomic=\"true\"><\/p> <ul><\/ul><\/div>\n<form action=\"\/de\/wp-json\/wp\/v2\/pages\/26#wpcf7-f1145-o1\" method=\"post\" class=\"wpcf7-form init\" novalidate=\"novalidate\" data-status=\"init\" data-trp-original-action=\"\/de\/wp-json\/wp\/v2\/pages\/26#wpcf7-f1145-o1\">\n<div style=\"display: none;\">\n<input type=\"hidden\" name=\"_wpcf7\" value=\"1145\" \/>\n<input type=\"hidden\" name=\"_wpcf7_version\" value=\"5.5.6.1\" \/>\n<input type=\"hidden\" name=\"_wpcf7_locale\" value=\"hr\" \/>\n<input type=\"hidden\" name=\"_wpcf7_unit_tag\" value=\"wpcf7-f1145-o1\" \/>\n<input type=\"hidden\" name=\"_wpcf7_container_post\" value=\"0\" \/>\n<input type=\"hidden\" name=\"_wpcf7_posted_data_hash\" value=\"\" \/>\n<input type=\"hidden\" name=\"_wpcf7_recaptcha_response\" value=\"\" \/>\n<\/div>\n<p><label> Dein Name<br \/>\n    <span class=\"wpcf7-form-control-wrap your-name\"><input type=\"text\" name=\"your-name\" value=\"\" size=\"40\" class=\"wpcf7-form-control wpcf7-text wpcf7-validates-as-required\" aria-required=\"true\" aria-invalid=\"false\" \/><\/span> <\/label><\/p>\n<p><label> Deine E-Mail<br \/>\n    <span class=\"wpcf7-form-control-wrap your-email\"><input type=\"email\" name=\"your-email\" value=\"\" size=\"40\" class=\"wpcf7-form-control wpcf7-text wpcf7-email wpcf7-validates-as-required wpcf7-validates-as-email\" aria-required=\"true\" aria-invalid=\"false\" \/><\/span> <\/label><\/p>\n<p><label> Fall<br \/>\n    <span class=\"wpcf7-form-control-wrap your-subject\"><input type=\"text\" name=\"your-subject\" value=\"\" size=\"40\" class=\"wpcf7-form-control wpcf7-text wpcf7-validates-as-required\" aria-required=\"true\" aria-invalid=\"false\" \/><\/span> <\/label><\/p>\n<p><label> Ihre Nachricht (optional)<br \/>\n    <span class=\"wpcf7-form-control-wrap your-message\"><textarea name=\"your-message\" cols=\"40\" rows=\"10\" class=\"wpcf7-form-control wpcf7-textarea\" aria-invalid=\"false\"><\/textarea><\/span> <\/label><\/p>\n<p><input type=\"submit\" value=\"senden\" class=\"wpcf7-form-control has-spinner wpcf7-submit\" \/><\/p>\n<div class=\"wpcf7-response-output\" aria-hidden=\"true\"><\/div><input type=\"hidden\" name=\"trp-form-language\" value=\"de\"\/><\/form><\/div>\n\t\t\t<\/div> \n\t\t<\/div>\n\t<\/div> \n\n\t<div  class=\"vc_col-sm-4 wpb_column column_container vc_column_container col no-extra-padding inherit_tablet inherit_phone\"  data-t-w-inherits=\"default\" data-bg-cover=\"\" data-padding-pos=\"all\" data-has-bg-color=\"false\" data-bg-color=\"\" data-bg-opacity=\"1\" data-hover-bg=\"\" data-hover-bg-opacity=\"1\" data-animation=\"\" data-delay=\"0\" >\n\t\t<div class=\"vc_column-inner\" ><div class=\"column-bg-overlay-wrap\" data-bg-animation=\"none\"><div class=\"column-bg-overlay\"><\/div><\/div>\n\t\t\t<div class=\"wpb_wrapper\">\n\t\t\t\t\r\n<div class=\"wpb_text_column wpb_content_element\" >\r\n\t<div class=\"wpb_wrapper\">\r\n\t\t<h2>Kontaktiere uns!<\/h2>\n<p>F\u00fcr alle Anfragen zu Produkten, Vertrieb und Antworten auf Ihre Fragen kontaktieren Sie uns telefonisch oder per E-Mail.<\/p>\n<p>More-Lo\u0161inj doo, Dra\u017eica 21, 51550 Mali Lo\u0161inj<br \/>\nFirmenleiter: Nikola Dragoslavi\u0107<\/p>\n<h3><strong>Verkauf<\/strong><\/h3>\n<p><strong>Telefon:<\/strong> +385 51 233-465<\/p>\n<p><strong>Email:<\/strong> <a href=\"mailto:morelosinj2155@gmail.com\">morelosinj2155@gmail.com<\/a><\/p>\n<h3><strong>Buchhaltung<\/strong><\/h3>\n<p><strong>Telefon:<\/strong> +385 51 233-157<\/p>\n<p><strong>Email:<\/strong> <a href=\"mailto:more.ribarstvo.trgovina@ri.t-com.hr\">more.ribarstvo.trgovina@ri.t-com.hr<\/a><\/p>\n\t<\/div>\r\n<\/div>\r\n\r\n\r\n\r\n<div class=\"col span_6\" data-animation=\"\" data-delay=\"0\">\r\n<div class=\"wpb_text_column wpb_content_element\" >\r\n\t<div class=\"wpb_wrapper\">\r\n\t\t\t<\/div>\r\n<\/div>\r\n\r\n\r\n\r\n<\/div><div class=\"col span_6 col_last\" data-animation=\"\" data-delay=\"0\">\r\n<div class=\"wpb_text_column wpb_content_element\" >\r\n\t<div class=\"wpb_wrapper\">\r\n\t\t\t<\/div>\r\n<\/div>\r\n\r\n\r\n\r\n<\/div><div class=\"clear\"><\/div>\n\t\t\t<\/div> \n\t\t<\/div>\n\t<\/div> \n<\/div><\/div>","protected":false},"excerpt":{"rendered":"Ihr Name Ihre E-Mail Betreff Ihre Nachricht (optional) Kontaktieren Sie uns! F\u00fcr alle Anfragen zu Produkten, Verkauf und Vertrieb und Antworten auf Ihre Fragen kontaktieren Sie uns telefonisch oder per E-Mail....","protected":false},"author":2,"featured_media":0,"parent":0,"menu_order":0,"comment_status":"open","ping_status":"open","template":"template-contact.php","meta":{"footnotes":""},"yoast_head":"<!-- This site is optimized with the Yoast SEO plugin v20.13 - https:\/\/yoast.com\/wordpress\/plugins\/seo\/ -->\n<title>Kontakt - More Lo\u0161inj<\/title>\n<meta name=\"robots\" content=\"index, follow, max-snippet:-1, max-image-preview:large, max-video-preview:-1\" \/>\n<link rel=\"canonical\" href=\"https:\/\/more-losinj.hr\/de\/kontakt\/\" \/>\n<meta property=\"og:locale\" content=\"de_DE\" \/>\n<meta property=\"og:type\" content=\"article\" \/>\n<meta property=\"og:title\" content=\"Kontakt - More Lo\u0161inj\" \/>\n<meta property=\"og:url\" content=\"https:\/\/more-losinj.hr\/de\/kontakt\/\" \/>\n<meta property=\"og:site_name\" content=\"More Lo\u0161inj\" \/>\n<meta property=\"article:modified_time\" content=\"2021-07-24T17:45:04+00:00\" \/>\n<meta name=\"twitter:card\" content=\"summary_large_image\" \/>\n<meta name=\"twitter:label1\" content=\"Gesch\u00e4tzte Lesezeit\" \/>\n\t<meta name=\"twitter:data1\" content=\"1\u00a0Minute\" \/>\n<script type=\"application\/ld+json\" class=\"yoast-schema-graph\">{\"@context\":\"https:\/\/schema.org\",\"@graph\":[{\"@type\":\"WebPage\",\"@id\":\"https:\/\/more-losinj.hr\/kontakt\/\",\"url\":\"https:\/\/more-losinj.hr\/kontakt\/\",\"name\":\"Kontakt - More Lo\u0161inj\",\"isPartOf\":{\"@id\":\"https:\/\/more-losinj.hr\/#website\"},\"datePublished\":\"2013-03-23T13:06:18+00:00\",\"dateModified\":\"2021-07-24T17:45:04+00:00\",\"breadcrumb\":{\"@id\":\"https:\/\/more-losinj.hr\/kontakt\/#breadcrumb\"},\"inLanguage\":\"de\",\"potentialAction\":[{\"@type\":\"ReadAction\",\"target\":[\"https:\/\/more-losinj.hr\/kontakt\/\"]}]},{\"@type\":\"BreadcrumbList\",\"@id\":\"https:\/\/more-losinj.hr\/kontakt\/#breadcrumb\",\"itemListElement\":[{\"@type\":\"ListItem\",\"position\":1,\"name\":\"Po\u010detna stranica\",\"item\":\"https:\/\/more-losinj.hr\/\"},{\"@type\":\"ListItem\",\"position\":2,\"name\":\"Kontakt\"}]},{\"@type\":\"WebSite\",\"@id\":\"https:\/\/more-losinj.hr\/#website\",\"url\":\"https:\/\/more-losinj.hr\/\",\"name\":\"More Lo\u0161inj\",\"description\":\"Uzgoj i prodaja ribe Cres - Lo\u0161inj\",\"potentialAction\":[{\"@type\":\"SearchAction\",\"target\":{\"@type\":\"EntryPoint\",\"urlTemplate\":\"https:\/\/more-losinj.hr\/?s={search_term_string}\"},\"query-input\":\"required name=search_term_string\"}],\"inLanguage\":\"de\"}]}<\/script>\n<!-- \/ Yoast SEO plugin. -->","yoast_head_json":{"title":"Kontakt - More Lo\u0161inj","robots":{"index":"index","follow":"follow","max-snippet":"max-snippet:-1","max-image-preview":"max-image-preview:large","max-video-preview":"max-video-preview:-1"},"canonical":"https:\/\/more-losinj.hr\/de\/kontakt\/","og_locale":"de_DE","og_type":"article","og_title":"Kontakt - More Lo\u0161inj","og_url":"https:\/\/more-losinj.hr\/de\/kontakt\/","og_site_name":"More Lo\u0161inj","article_modified_time":"2021-07-24T17:45:04+00:00","twitter_card":"summary_large_image","twitter_misc":{"Gesch\u00e4tzte Lesezeit":"1\u00a0Minute"},"schema":{"@context":"https:\/\/schema.org","@graph":[{"@type":"WebPage","@id":"https:\/\/more-losinj.hr\/kontakt\/","url":"https:\/\/more-losinj.hr\/kontakt\/","name":"Kontakt - More Lo\u0161inj","isPartOf":{"@id":"https:\/\/more-losinj.hr\/#website"},"datePublished":"2013-03-23T13:06:18+00:00","dateModified":"2021-07-24T17:45:04+00:00","breadcrumb":{"@id":"https:\/\/more-losinj.hr\/kontakt\/#breadcrumb"},"inLanguage":"de","potentialAction":[{"@type":"ReadAction","target":["https:\/\/more-losinj.hr\/kontakt\/"]}]},{"@type":"BreadcrumbList","@id":"https:\/\/more-losinj.hr\/kontakt\/#breadcrumb","itemListElement":[{"@type":"ListItem","position":1,"name":"Po\u010detna stranica","item":"https:\/\/more-losinj.hr\/"},{"@type":"ListItem","position":2,"name":"Kontakt"}]},{"@type":"WebSite","@id":"https:\/\/more-losinj.hr\/#website","url":"https:\/\/more-losinj.hr\/","name":"More Lo\u0161inj","description":"Uzgoj i prodaja ribe Cres - Lo\u0161inj","potentialAction":[{"@type":"SearchAction","target":{"@type":"EntryPoint","urlTemplate":"https:\/\/more-losinj.hr\/?s={search_term_string}"},"query-input":"required name=search_term_string"}],"inLanguage":"de"}]}},"_links":{"self":[{"href":"https:\/\/more-losinj.hr\/de\/wp-json\/wp\/v2\/pages\/26"}],"collection":[{"href":"https:\/\/more-losinj.hr\/de\/wp-json\/wp\/v2\/pages"}],"about":[{"href":"https:\/\/more-losinj.hr\/de\/wp-json\/wp\/v2\/types\/page"}],"author":[{"embeddable":true,"href":"https:\/\/more-losinj.hr\/de\/wp-json\/wp\/v2\/users\/2"}],"replies":[{"embeddable":true,"href":"https:\/\/more-losinj.hr\/de\/wp-json\/wp\/v2\/comments?post=26"}],"version-history":[{"count":6,"href":"https:\/\/more-losinj.hr\/de\/wp-json\/wp\/v2\/pages\/26\/revisions"}],"predecessor-version":[{"id":1146,"href":"https:\/\/more-losinj.hr\/de\/wp-json\/wp\/v2\/pages\/26\/revisions\/1146"}],"wp:attachment":[{"href":"https:\/\/more-losinj.hr\/de\/wp-json\/wp\/v2\/media?parent=26"}],"curies":[{"name":"wp","href":"https:\/\/api.w.org\/{rel}","templated":true}]}}